{"id":1448,"date":"2025-10-09T09:11:24","date_gmt":"2025-10-09T08:11:24","guid":{"rendered":"https:\/\/daily-blog.eu\/dicas\/"},"modified":"2024-06-26T20:05:18","modified_gmt":"2024-06-26T19:05:18","slug":"dicas","status":"publish","type":"page","link":"https:\/\/daily-blog.eu\/pt-pt\/dicas\/","title":{"rendered":"Dicas"},"content":{"rendered":"\r\n<p>Eis alguns factos interessantes sobre v\u00e1rios temas:<\/p>\r\n<p><strong>1. O espa\u00e7o<\/strong><br \/>Estrelas de neutr\u00f5es: Diz-se que uma colher de ch\u00e1 de material de uma estrela de neutr\u00f5es pesa cerca de seis mil milh\u00f5es de toneladas. Isto deve-se ao facto de as estrelas de neutr\u00f5es serem incrivelmente densas, com massas que podem ser mais de 1,4 vezes superiores \u00e0s do Sol, mas comprimidas numa esfera com apenas cerca de 20 quil\u00f3metros de di\u00e2metro.<\/p>\r\n<p><strong>2. Hist\u00f3ria<\/strong><br \/>Primeira Guerra Mundial: A Batalha de Verdun (1916) foi uma das mais longas e sangrentas batalhas da Primeira Guerra Mundial, durando cerca de 10 meses e resultando num n\u00famero estimado de 700.000 baixas.<\/p>\r\n<p><strong>3. Biologia<\/strong><br \/>Polvos: Os polvos t\u00eam tr\u00eas cora\u00e7\u00f5es e sangue azul. Dois dos cora\u00e7\u00f5es bombeiam sangue para as guelras, enquanto o terceiro cora\u00e7\u00e3o bombeia sangue para o resto do corpo.<\/p>\r\n<p><strong>4. Tecnologia<\/strong><br \/>Smartphones: Atualmente, o poder de computa\u00e7\u00e3o de um smartphone comum \u00e9 muito superior ao poder de computa\u00e7\u00e3o dos computadores utilizados para enviar a miss\u00e3o Apollo 11 \u00e0 Lua em 1969.<\/p>\r\n<p><strong>5. Geografia<\/strong><br \/>Monte Evereste: Embora o Monte Evereste seja vulgarmente conhecido como a montanha mais alta do mundo, o Mauna Kea, no Havai, \u00e9 na realidade a montanha mais alta se medirmos desde o fundo do oceano at\u00e9 ao cume. O Mauna Kea tem 10.203 metros de altura, enquanto o Everest est\u00e1 a 8.848 metros acima do n\u00edvel do mar.<\/p>\r\n<p><strong>6. Psicologia<\/strong><br \/>Efeito placebo: O efeito placebo \u00e9 um fen\u00f3meno psicol\u00f3gico em que as pessoas sentem que os seus sintomas melhoram depois de receberem um tratamento &#8220;falso&#8221; inativo. Este facto mostra o poder que a mente tem de influenciar o corpo.<\/p>\r\n<p><strong>7. F\u00edsica<\/strong><br \/>Emaranhamento qu\u00e2ntico: Na mec\u00e2nica qu\u00e2ntica, duas part\u00edculas podem ficar t\u00e3o emaranhadas que o estado de uma delas afecta diretamente o estado da outra, independentemente da dist\u00e2ncia que as separa. Este fen\u00f3meno foi notoriamente referido por Albert Einstein como &#8220;a\u00e7\u00e3o assustadora \u00e0 dist\u00e2ncia&#8221;.<\/p>\r\n<p><strong>8. Arte<\/strong><br \/>Mona Lisa: O famoso quadro de Leonardo da Vinci, a Mona Lisa, est\u00e1 t\u00e3o bem protegido no Museu do Louvre, em Paris, que \u00e9 mantido atr\u00e1s de um vidro \u00e0 prova de bala. O quadro \u00e9 visitado por milh\u00f5es de pessoas todos os anos.<\/p>\r\n<p><strong>9. L\u00edngua<\/strong><br \/>Papua-Nova Guin\u00e9: Este pa\u00eds alberga mais de 800 l\u00ednguas diferentes, o que faz dele um dos pa\u00edses com maior diversidade lingu\u00edstica do mundo. Muitas destas l\u00ednguas s\u00e3o faladas por apenas algumas centenas de pessoas.<\/p>\r\n<p><strong>10. Desporto<\/strong><br \/>Jogos Ol\u00edmpicos: Os Jogos Ol\u00edmpicos na Gr\u00e9cia antiga eram t\u00e3o importantes que todas as guerras eram suspensas durante os Jogos. Este cessar-fogo, conhecido como a Paz Ol\u00edmpica, permitia que os atletas e os espectadores viajassem em seguran\u00e7a para os Jogos.<\/p>\r\n<p>Espero que estes factos sejam interessantes para ti!<\/p>\r\n","protected":false},"excerpt":{"rendered":"<p>Eis alguns factos interessantes sobre v\u00e1rios temas: 1. O espa\u00e7oEstrelas de neutr\u00f5es: Diz-se que uma colher de ch\u00e1 de material de uma estrela de neutr\u00f5es pesa cerca de seis mil milh\u00f5es de toneladas. Isto deve-se ao facto de as estrelas de neutr\u00f5es serem incrivelmente densas, com massas que podem ser mais de 1,4 vezes superiores [&hellip;]<\/p>\n","protected":false},"author":1,"featured_media":0,"parent":0,"menu_order":0,"comment_status":"closed","ping_status":"closed","template":"","meta":{"footnotes":""},"class_list":["post-1448","page","type-page","status-publish"],"_links":{"self":[{"href":"https:\/\/daily-blog.eu\/pt-pt\/wp-json\/wp\/v2\/pages\/1448","targetHints":{"allow":["GET"]}}],"collection":[{"href":"https:\/\/daily-blog.eu\/pt-pt\/wp-json\/wp\/v2\/pages"}],"about":[{"href":"https:\/\/daily-blog.eu\/pt-pt\/wp-json\/wp\/v2\/types\/page"}],"author":[{"embeddable":true,"href":"https:\/\/daily-blog.eu\/pt-pt\/wp-json\/wp\/v2\/users\/1"}],"replies":[{"embeddable":true,"href":"https:\/\/daily-blog.eu\/pt-pt\/wp-json\/wp\/v2\/comments?post=1448"}],"version-history":[{"count":2,"href":"https:\/\/daily-blog.eu\/pt-pt\/wp-json\/wp\/v2\/pages\/1448\/revisions"}],"predecessor-version":[{"id":11858,"href":"https:\/\/daily-blog.eu\/pt-pt\/wp-json\/wp\/v2\/pages\/1448\/revisions\/11858"}],"wp:attachment":[{"href":"https:\/\/daily-blog.eu\/pt-pt\/wp-json\/wp\/v2\/media?parent=1448"}],"curies":[{"name":"wp","href":"https:\/\/api.w.org\/{rel}","templated":true}]}}